{"id":971,"date":"2020-03-08T22:32:06","date_gmt":"2020-03-08T21:32:06","guid":{"rendered":"https:\/\/sdmo-drustvo.si\/domov\/"},"modified":"2024-02-11T17:50:12","modified_gmt":"2024-02-11T16:50:12","slug":"domov","status":"publish","type":"page","link":"https:\/\/sdmo-drustvo.si\/en\/","title":{"rendered":"The Slovenian Association for International Relations"},"content":{"rendered":"\r\n<h2>Welcome to the website of The Slovenian Association for International Relations<\/h2>\r\n<p><strong>The Slovenian Association for International Relations (SDMO \u2013 Slovensko dru\u0161tvo za mednarodne odnose)<\/strong> was founded in April 1991 to contribute to joint efforts for the prompt international recognition of the sovereign Republic of Slovenia. At the initiative of ambassador Rudi \u010ca\u010dinovi\u010d (1914 &#8211; 2008\u2020), the dean of Slovenian diplomacy, the association brought together experts in international relations, diplomats, foreign policy journalists, business people, university professors.<\/p>\r\n<a class=\"btn btn-primary  \" href=\"https:\/\/sdmo-drustvo.si\/en\/the-slovenian-association-for-international-relations\/\" role=\"button\">More about us<\/a>\r\n","protected":false},"excerpt":{"rendered":"<p>Welcome to the website of The Slovenian Association for International Relations The Slovenian Association for International Relations (SDMO \u2013 Slovensko dru\u0161tvo za mednarodne odnose) was founded in April 1991 to contribute to joint efforts for the prompt international recognition of the sovereign Republic of Slovenia. At the initiative of ambassador Rudi \u010ca\u010dinovi\u010d (1914 &#8211; 2008\u2020), &#8230; <\/p>\n","protected":false},"author":1,"featured_media":901,"parent":0,"menu_order":1,"comment_status":"closed","ping_status":"closed","template":"","meta":{"_acf_changed":false,"footnotes":""},"class_list":["post-971","page","type-page","status-publish","has-post-thumbnail","hentry"],"acf":[],"_links":{"self":[{"href":"https:\/\/sdmo-drustvo.si\/en\/wp-json\/wp\/v2\/pages\/971","targetHints":{"allow":["GET"]}}],"collection":[{"href":"https:\/\/sdmo-drustvo.si\/en\/wp-json\/wp\/v2\/pages"}],"about":[{"href":"https:\/\/sdmo-drustvo.si\/en\/wp-json\/wp\/v2\/types\/page"}],"author":[{"embeddable":true,"href":"https:\/\/sdmo-drustvo.si\/en\/wp-json\/wp\/v2\/users\/1"}],"replies":[{"embeddable":true,"href":"https:\/\/sdmo-drustvo.si\/en\/wp-json\/wp\/v2\/comments?post=971"}],"version-history":[{"count":5,"href":"https:\/\/sdmo-drustvo.si\/en\/wp-json\/wp\/v2\/pages\/971\/revisions"}],"predecessor-version":[{"id":998,"href":"https:\/\/sdmo-drustvo.si\/en\/wp-json\/wp\/v2\/pages\/971\/revisions\/998"}],"wp:featuredmedia":[{"embeddable":true,"href":"https:\/\/sdmo-drustvo.si\/en\/wp-json\/wp\/v2\/media\/901"}],"wp:attachment":[{"href":"https:\/\/sdmo-drustvo.si\/en\/wp-json\/wp\/v2\/media?parent=971"}],"curies":[{"name":"wp","href":"https:\/\/api.w.org\/{rel}","templated":true}]}}